{"id":570,"date":"2019-04-10T12:16:43","date_gmt":"2019-04-10T12:16:43","guid":{"rendered":"https:\/\/fix-cnc.de\/home\/"},"modified":"2026-02-05T20:18:50","modified_gmt":"2026-02-05T20:18:50","slug":"home","status":"publish","type":"page","link":"https:\/\/fix-cnc.de\/en\/home\/","title":{"rendered":"Home"},"content":{"rendered":"<div id=\"cs-content\" class=\"cs-content\"><\/div>\n","protected":false},"excerpt":{"rendered":"<p>Fix CNC Koordinaten-Schleiftechnik Willkommen bei Fix CNC Koordinaten-Schleiftechnik! Vertrauen Sie auf uns, wenn es um das Koordinatenschleifen, das Flachschleifen, wie auch das Rundschleifen geht. Wir sind das f\u00fchrende Unternehmen, wo Qualit\u00e4t, Preis, Zuverl\u00e4ssigkeit und Kundenn\u00e4he nicht nur versprochen sondern praktiziert wird.Sie haben viele Fragen? Was wir machen, was wir leisten und welche Mittel wir haben, erfahren Sie in unserem kurzen &#8230; <\/p>\n<div><a href=\"https:\/\/fix-cnc.de\/en\/home\/\" class=\"more-link\">Read More<\/a><\/div>\n","protected":false},"author":1,"featured_media":0,"parent":0,"menu_order":0,"comment_status":"closed","ping_status":"closed","template":"template-blank-4.php","meta":{"inline_featured_image":false,"footnotes":""},"class_list":["post-570","page","type-page","status-publish","hentry","no-post-thumbnail"],"yoast_head":"<!-- This site is optimized with the Yoast SEO plugin v27.5 - https:\/\/yoast.com\/product\/yoast-seo-wordpress\/ -->\n<title>Home - Fix CNC Koordinaten-Schleiftechnik in Locherhof<\/title>\n<meta name=\"description\" content=\"Fix-CNC - Spezialgebiet das Koordinatenschleifen, Flachschleifen wie auch das Rundschleifen. Vertrauen Sie uns. Qualit\u00e4t, Preis, Zuverl\u00e4ssigkeit, Kundenn\u00e4he\" \/>\n<meta name=\"robots\" content=\"index, follow, max-snippet:-1, max-image-preview:large, max-video-preview:-1\" \/>\n<link rel=\"canonical\" href=\"https:\/\/fix-cnc.de\/en\/home\/\" \/>\n<meta property=\"og:locale\" content=\"en_US\" \/>\n<meta property=\"og:type\" content=\"article\" \/>\n<meta property=\"og:title\" content=\"Home - Fix CNC Koordinaten-Schleiftechnik in Locherhof\" \/>\n<meta property=\"og:description\" content=\"Fix-CNC - Spezialgebiet das Koordinatenschleifen, Flachschleifen wie auch das Rundschleifen. Vertrauen Sie uns. Qualit\u00e4t, Preis, Zuverl\u00e4ssigkeit, Kundenn\u00e4he\" \/>\n<meta property=\"og:url\" content=\"https:\/\/fix-cnc.de\/en\/home\/\" \/>\n<meta property=\"og:site_name\" content=\"Fix CNC Koordinaten-Schleiftechnik\" \/>\n<meta property=\"article:modified_time\" content=\"2026-02-05T20:18:50+00:00\" \/>\n<meta property=\"og:image\" content=\"https:\/\/fix-cnc.de\/wp-content\/uploads\/2020\/01\/Fix_Wecan_RGB.png\" \/>\n\t<meta property=\"og:image:width\" content=\"3307\" \/>\n\t<meta property=\"og:image:height\" content=\"1417\" \/>\n\t<meta property=\"og:image:type\" content=\"image\/png\" \/>\n<meta name=\"twitter:card\" content=\"summary_large_image\" \/>\n<meta name=\"twitter:label1\" content=\"Est. reading time\" \/>\n\t<meta name=\"twitter:data1\" content=\"2 minutes\" \/>\n<script type=\"application\/ld+json\" class=\"yoast-schema-graph\">{\"@context\":\"https:\\\/\\\/schema.org\",\"@graph\":[{\"@type\":\"WebPage\",\"@id\":\"https:\\\/\\\/fix-cnc.de\\\/en\\\/home\\\/\",\"url\":\"https:\\\/\\\/fix-cnc.de\\\/en\\\/home\\\/\",\"name\":\"Home - Fix CNC Koordinaten-Schleiftechnik in Locherhof\",\"isPartOf\":{\"@id\":\"https:\\\/\\\/fix-cnc.de\\\/en\\\/#website\"},\"datePublished\":\"2019-04-10T12:16:43+00:00\",\"dateModified\":\"2026-02-05T20:18:50+00:00\",\"description\":\"Fix-CNC - Spezialgebiet das Koordinatenschleifen, Flachschleifen wie auch das Rundschleifen. Vertrauen Sie uns. Qualit\u00e4t, Preis, Zuverl\u00e4ssigkeit, Kundenn\u00e4he\",\"breadcrumb\":{\"@id\":\"https:\\\/\\\/fix-cnc.de\\\/en\\\/home\\\/#breadcrumb\"},\"inLanguage\":\"en-US\",\"potentialAction\":[{\"@type\":\"ReadAction\",\"target\":[\"https:\\\/\\\/fix-cnc.de\\\/en\\\/home\\\/\"]}]},{\"@type\":\"BreadcrumbList\",\"@id\":\"https:\\\/\\\/fix-cnc.de\\\/en\\\/home\\\/#breadcrumb\",\"itemListElement\":[{\"@type\":\"ListItem\",\"position\":1,\"name\":\"Startseite\",\"item\":\"https:\\\/\\\/fix-cnc.de\\\/en\\\/fix-cnc\\\/\"},{\"@type\":\"ListItem\",\"position\":2,\"name\":\"Home\"}]},{\"@type\":\"WebSite\",\"@id\":\"https:\\\/\\\/fix-cnc.de\\\/en\\\/#website\",\"url\":\"https:\\\/\\\/fix-cnc.de\\\/en\\\/\",\"name\":\"Fix CNC Koordinaten-Schleiftechnik\",\"description\":\"Koordinatenschleifen, Rund- und Flachschleifen\",\"alternateName\":\"Fix CNC\",\"potentialAction\":[{\"@type\":\"SearchAction\",\"target\":{\"@type\":\"EntryPoint\",\"urlTemplate\":\"https:\\\/\\\/fix-cnc.de\\\/en\\\/?s={search_term_string}\"},\"query-input\":{\"@type\":\"PropertyValueSpecification\",\"valueRequired\":true,\"valueName\":\"search_term_string\"}}],\"inLanguage\":\"en-US\"}]}<\/script>\n<!-- \/ Yoast SEO plugin. -->","yoast_head_json":{"title":"Home - Fix CNC Koordinaten-Schleiftechnik in Locherhof","description":"Fix-CNC - Spezialgebiet das Koordinatenschleifen, Flachschleifen wie auch das Rundschleifen. Vertrauen Sie uns. Qualit\u00e4t, Preis, Zuverl\u00e4ssigkeit, Kundenn\u00e4he","robots":{"index":"index","follow":"follow","max-snippet":"max-snippet:-1","max-image-preview":"max-image-preview:large","max-video-preview":"max-video-preview:-1"},"canonical":"https:\/\/fix-cnc.de\/en\/home\/","og_locale":"en_US","og_type":"article","og_title":"Home - Fix CNC Koordinaten-Schleiftechnik in Locherhof","og_description":"Fix-CNC - Spezialgebiet das Koordinatenschleifen, Flachschleifen wie auch das Rundschleifen. Vertrauen Sie uns. Qualit\u00e4t, Preis, Zuverl\u00e4ssigkeit, Kundenn\u00e4he","og_url":"https:\/\/fix-cnc.de\/en\/home\/","og_site_name":"Fix CNC Koordinaten-Schleiftechnik","article_modified_time":"2026-02-05T20:18:50+00:00","og_image":[{"width":3307,"height":1417,"url":"https:\/\/fix-cnc.de\/wp-content\/uploads\/2020\/01\/Fix_Wecan_RGB.png","type":"image\/png"}],"twitter_card":"summary_large_image","twitter_misc":{"Est. reading time":"2 minutes"},"schema":{"@context":"https:\/\/schema.org","@graph":[{"@type":"WebPage","@id":"https:\/\/fix-cnc.de\/en\/home\/","url":"https:\/\/fix-cnc.de\/en\/home\/","name":"Home - Fix CNC Koordinaten-Schleiftechnik in Locherhof","isPartOf":{"@id":"https:\/\/fix-cnc.de\/en\/#website"},"datePublished":"2019-04-10T12:16:43+00:00","dateModified":"2026-02-05T20:18:50+00:00","description":"Fix-CNC - Spezialgebiet das Koordinatenschleifen, Flachschleifen wie auch das Rundschleifen. Vertrauen Sie uns. Qualit\u00e4t, Preis, Zuverl\u00e4ssigkeit, Kundenn\u00e4he","breadcrumb":{"@id":"https:\/\/fix-cnc.de\/en\/home\/#breadcrumb"},"inLanguage":"en-US","potentialAction":[{"@type":"ReadAction","target":["https:\/\/fix-cnc.de\/en\/home\/"]}]},{"@type":"BreadcrumbList","@id":"https:\/\/fix-cnc.de\/en\/home\/#breadcrumb","itemListElement":[{"@type":"ListItem","position":1,"name":"Startseite","item":"https:\/\/fix-cnc.de\/en\/fix-cnc\/"},{"@type":"ListItem","position":2,"name":"Home"}]},{"@type":"WebSite","@id":"https:\/\/fix-cnc.de\/en\/#website","url":"https:\/\/fix-cnc.de\/en\/","name":"Fix CNC Koordinaten-Schleiftechnik","description":"Koordinatenschleifen, Rund- und Flachschleifen","alternateName":"Fix CNC","potentialAction":[{"@type":"SearchAction","target":{"@type":"EntryPoint","urlTemplate":"https:\/\/fix-cnc.de\/en\/?s={search_term_string}"},"query-input":{"@type":"PropertyValueSpecification","valueRequired":true,"valueName":"search_term_string"}}],"inLanguage":"en-US"}]}},"_links":{"self":[{"href":"https:\/\/fix-cnc.de\/en\/wp-json\/wp\/v2\/pages\/570","targetHints":{"allow":["GET"]}}],"collection":[{"href":"https:\/\/fix-cnc.de\/en\/wp-json\/wp\/v2\/pages"}],"about":[{"href":"https:\/\/fix-cnc.de\/en\/wp-json\/wp\/v2\/types\/page"}],"author":[{"embeddable":true,"href":"https:\/\/fix-cnc.de\/en\/wp-json\/wp\/v2\/users\/1"}],"replies":[{"embeddable":true,"href":"https:\/\/fix-cnc.de\/en\/wp-json\/wp\/v2\/comments?post=570"}],"version-history":[{"count":1,"href":"https:\/\/fix-cnc.de\/en\/wp-json\/wp\/v2\/pages\/570\/revisions"}],"predecessor-version":[{"id":571,"href":"https:\/\/fix-cnc.de\/en\/wp-json\/wp\/v2\/pages\/570\/revisions\/571"}],"wp:attachment":[{"href":"https:\/\/fix-cnc.de\/en\/wp-json\/wp\/v2\/media?parent=570"}],"curies":[{"name":"wp","href":"https:\/\/api.w.org\/{rel}","templated":true}]}}